{"id":594,"date":"2022-10-11T22:06:19","date_gmt":"2022-10-11T22:06:19","guid":{"rendered":"https:\/\/crossover-showroom.com\/?page_id=594"},"modified":"2022-10-11T22:06:19","modified_gmt":"2022-10-11T22:06:19","slug":"events","status":"publish","type":"page","link":"https:\/\/crossover-showroom.com\/index.php\/homepage_de\/events\/","title":{"rendered":"Events"},"content":{"rendered":"<p>[et_pb_section fb_built=&#8220;1&#8243; _builder_version=&#8220;4.18.0&#8243; _module_preset=&#8220;default&#8220; global_colors_info=&#8220;{}&#8220; theme_builder_area=&#8220;post_content&#8220;][et_pb_row admin_label=&#8220;Foto&#8220; _builder_version=&#8220;4.16&#8243; _module_preset=&#8220;427c51b8-289a-4d72-a64d-33cc69ad48eb&#8220; global_colors_info=&#8220;{}&#8220; theme_builder_area=&#8220;post_content&#8220;][et_pb_column type=&#8220;4_4&#8243; _builder_version=&#8220;4.16&#8243; _module_preset=&#8220;default&#8220; custom_padding=&#8220;|||&#8220; global_colors_info=&#8220;{}&#8220; custom_padding__hover=&#8220;|||&#8220; theme_builder_area=&#8220;post_content&#8220;][et_pb_text admin_label=&#8220;Headline&#8220; _builder_version=&#8220;4.18.0&#8243; _module_preset=&#8220;ae9b3157-d3b3-4f55-bc58-0c4f287a15b2&#8243; text_text_color=&#8220;#bf1b18&#8243; text_orientation=&#8220;center&#8220; global_module=&#8220;474&#8243; saved_tabs=&#8220;all&#8220; locked=&#8220;off&#8220; global_colors_info=&#8220;{}&#8220; theme_builder_area=&#8220;post_content&#8220;]Events<\/p>\n<h2> art 4 customers <\/h2>\n<p>[\/et_pb_text][et_pb_image src=&#8220;https:\/\/crossover-showroom.com\/wp-content\/uploads\/2022\/10\/2606_events_art4cust_preview.jpeg&#8220; title_text=&#8220;2606_events_art4cust_preview&#8220; _builder_version=&#8220;4.18.0&#8243; _module_preset=&#8220;default&#8220; global_colors_info=&#8220;{}&#8220; theme_builder_area=&#8220;post_content&#8220;][\/et_pb_image][et_pb_text _builder_version=&#8220;4.18.0&#8243; _module_preset=&#8220;ae9b3157-d3b3-4f55-bc58-0c4f287a15b2&#8243; text_text_color=&#8220;#000000&#8243; hover_enabled=&#8220;0&#8243; global_colors_info=&#8220;{}&#8220; theme_builder_area=&#8220;post_content&#8220; sticky_enabled=&#8220;0&#8243;]Wir konzipieren, passend zur Ihrer Unternehmensphilosophie, eine Ausstellung, die wir f\u00fcr Sie inszenieren und thematisch auf alle Medien, die vor, w\u00e4hrend und nach der Veranstaltung zum Einsatz kommen, transportieren. Hierbei muss es nicht nur um einen Termin und eine Location gehen, sondern wir k\u00f6nnen dieses Thema auch auf Tour schicken, zum Beispiel durch alle Filialen Ihres Unternehmens. Die Basics wie Einladung, Durchf\u00fchrung und Catering geh\u00f6ren, wenn Sie es w\u00fcnschen, nat\u00fcrlich mit zu unserem Angebot.[\/et_pb_text][\/et_pb_column][\/et_pb_row][\/et_pb_section]<\/p>\n","protected":false},"excerpt":{"rendered":"<p>Events art 4 customers Wir konzipieren, passend zur Ihrer Unternehmensphilosophie, eine Ausstellung, die wir f\u00fcr Sie inszenieren und thematisch auf alle Medien, die vor, w\u00e4hrend und nach der Veranstaltung zum Einsatz kommen, transportieren. Hierbei muss es nicht nur um einen Termin und eine Location gehen, sondern wir k\u00f6nnen dieses Thema auch auf Tour schicken, zum [&hellip;]<\/p>\n","protected":false},"author":1,"featured_media":0,"parent":76,"menu_order":4,"comment_status":"closed","ping_status":"closed","template":"","meta":{"_et_pb_use_builder":"on","_et_pb_old_content":"","_et_gb_content_width":"","_monsterinsights_skip_tracking":false,"_monsterinsights_sitenote_active":false,"_monsterinsights_sitenote_note":"","_monsterinsights_sitenote_category":0,"footnotes":""},"class_list":["post-594","page","type-page","status-publish","hentry"],"yoast_head":"<!-- This site is optimized with the Yoast SEO plugin v25.3 - https:\/\/yoast.com\/wordpress\/plugins\/seo\/ -->\n<title>Events - Crossover Showroom<\/title>\n<meta name=\"robots\" content=\"index, follow, max-snippet:-1, max-image-preview:large, max-video-preview:-1\" \/>\n<link rel=\"canonical\" href=\"https:\/\/crossover-showroom.com\/index.php\/homepage_de\/events\/\" \/>\n<meta property=\"og:locale\" content=\"de_DE\" \/>\n<meta property=\"og:type\" content=\"article\" \/>\n<meta property=\"og:title\" content=\"Events - Crossover Showroom\" \/>\n<meta property=\"og:description\" content=\"Events art 4 customers Wir konzipieren, passend zur Ihrer Unternehmensphilosophie, eine Ausstellung, die wir f\u00fcr Sie inszenieren und thematisch auf alle Medien, die vor, w\u00e4hrend und nach der Veranstaltung zum Einsatz kommen, transportieren. Hierbei muss es nicht nur um einen Termin und eine Location gehen, sondern wir k\u00f6nnen dieses Thema auch auf Tour schicken, zum [&hellip;]\" \/>\n<meta property=\"og:url\" content=\"https:\/\/crossover-showroom.com\/index.php\/homepage_de\/events\/\" \/>\n<meta property=\"og:site_name\" content=\"Crossover Showroom\" \/>\n<meta name=\"twitter:card\" content=\"summary_large_image\" \/>\n<meta name=\"twitter:label1\" content=\"Gesch\u00e4tzte Lesezeit\" \/>\n\t<meta name=\"twitter:data1\" content=\"1\u00a0Minute\" \/>\n<script type=\"application\/ld+json\" class=\"yoast-schema-graph\">{\"@context\":\"https:\/\/schema.org\",\"@graph\":[{\"@type\":\"WebPage\",\"@id\":\"https:\/\/crossover-showroom.com\/index.php\/homepage_de\/events\/\",\"url\":\"https:\/\/crossover-showroom.com\/index.php\/homepage_de\/events\/\",\"name\":\"Events - Crossover Showroom\",\"isPartOf\":{\"@id\":\"https:\/\/crossover-showroom.com\/#website\"},\"datePublished\":\"2022-10-11T22:06:19+00:00\",\"breadcrumb\":{\"@id\":\"https:\/\/crossover-showroom.com\/index.php\/homepage_de\/events\/#breadcrumb\"},\"inLanguage\":\"de\",\"potentialAction\":[{\"@type\":\"ReadAction\",\"target\":[\"https:\/\/crossover-showroom.com\/index.php\/homepage_de\/events\/\"]}]},{\"@type\":\"BreadcrumbList\",\"@id\":\"https:\/\/crossover-showroom.com\/index.php\/homepage_de\/events\/#breadcrumb\",\"itemListElement\":[{\"@type\":\"ListItem\",\"position\":1,\"name\":\"Startseite\",\"item\":\"https:\/\/crossover-showroom.com\/index.php\/40-2\/\"},{\"@type\":\"ListItem\",\"position\":2,\"name\":\"Homepage_DE\",\"item\":\"https:\/\/crossover-showroom.com\/index.php\/homepage_de\/\"},{\"@type\":\"ListItem\",\"position\":3,\"name\":\"Events\"}]},{\"@type\":\"WebSite\",\"@id\":\"https:\/\/crossover-showroom.com\/#website\",\"url\":\"https:\/\/crossover-showroom.com\/\",\"name\":\"Crossover Showroom\",\"description\":\"Konzeptgesellschaft f\u00fcr die Allianz zwischen Kunst und Kommerz mbH\",\"potentialAction\":[{\"@type\":\"SearchAction\",\"target\":{\"@type\":\"EntryPoint\",\"urlTemplate\":\"https:\/\/crossover-showroom.com\/?s={search_term_string}\"},\"query-input\":{\"@type\":\"PropertyValueSpecification\",\"valueRequired\":true,\"valueName\":\"search_term_string\"}}],\"inLanguage\":\"de\"}]}<\/script>\n<!-- \/ Yoast SEO plugin. -->","yoast_head_json":{"title":"Events - Crossover Showroom","robots":{"index":"index","follow":"follow","max-snippet":"max-snippet:-1","max-image-preview":"max-image-preview:large","max-video-preview":"max-video-preview:-1"},"canonical":"https:\/\/crossover-showroom.com\/index.php\/homepage_de\/events\/","og_locale":"de_DE","og_type":"article","og_title":"Events - Crossover Showroom","og_description":"Events art 4 customers Wir konzipieren, passend zur Ihrer Unternehmensphilosophie, eine Ausstellung, die wir f\u00fcr Sie inszenieren und thematisch auf alle Medien, die vor, w\u00e4hrend und nach der Veranstaltung zum Einsatz kommen, transportieren. Hierbei muss es nicht nur um einen Termin und eine Location gehen, sondern wir k\u00f6nnen dieses Thema auch auf Tour schicken, zum [&hellip;]","og_url":"https:\/\/crossover-showroom.com\/index.php\/homepage_de\/events\/","og_site_name":"Crossover Showroom","twitter_card":"summary_large_image","twitter_misc":{"Gesch\u00e4tzte Lesezeit":"1\u00a0Minute"},"schema":{"@context":"https:\/\/schema.org","@graph":[{"@type":"WebPage","@id":"https:\/\/crossover-showroom.com\/index.php\/homepage_de\/events\/","url":"https:\/\/crossover-showroom.com\/index.php\/homepage_de\/events\/","name":"Events - Crossover Showroom","isPartOf":{"@id":"https:\/\/crossover-showroom.com\/#website"},"datePublished":"2022-10-11T22:06:19+00:00","breadcrumb":{"@id":"https:\/\/crossover-showroom.com\/index.php\/homepage_de\/events\/#breadcrumb"},"inLanguage":"de","potentialAction":[{"@type":"ReadAction","target":["https:\/\/crossover-showroom.com\/index.php\/homepage_de\/events\/"]}]},{"@type":"BreadcrumbList","@id":"https:\/\/crossover-showroom.com\/index.php\/homepage_de\/events\/#breadcrumb","itemListElement":[{"@type":"ListItem","position":1,"name":"Startseite","item":"https:\/\/crossover-showroom.com\/index.php\/40-2\/"},{"@type":"ListItem","position":2,"name":"Homepage_DE","item":"https:\/\/crossover-showroom.com\/index.php\/homepage_de\/"},{"@type":"ListItem","position":3,"name":"Events"}]},{"@type":"WebSite","@id":"https:\/\/crossover-showroom.com\/#website","url":"https:\/\/crossover-showroom.com\/","name":"Crossover Showroom","description":"Konzeptgesellschaft f\u00fcr die Allianz zwischen Kunst und Kommerz mbH","potentialAction":[{"@type":"SearchAction","target":{"@type":"EntryPoint","urlTemplate":"https:\/\/crossover-showroom.com\/?s={search_term_string}"},"query-input":{"@type":"PropertyValueSpecification","valueRequired":true,"valueName":"search_term_string"}}],"inLanguage":"de"}]}},"_links":{"self":[{"href":"https:\/\/crossover-showroom.com\/index.php\/wp-json\/wp\/v2\/pages\/594","targetHints":{"allow":["GET"]}}],"collection":[{"href":"https:\/\/crossover-showroom.com\/index.php\/wp-json\/wp\/v2\/pages"}],"about":[{"href":"https:\/\/crossover-showroom.com\/index.php\/wp-json\/wp\/v2\/types\/page"}],"author":[{"embeddable":true,"href":"https:\/\/crossover-showroom.com\/index.php\/wp-json\/wp\/v2\/users\/1"}],"replies":[{"embeddable":true,"href":"https:\/\/crossover-showroom.com\/index.php\/wp-json\/wp\/v2\/comments?post=594"}],"version-history":[{"count":0,"href":"https:\/\/crossover-showroom.com\/index.php\/wp-json\/wp\/v2\/pages\/594\/revisions"}],"up":[{"embeddable":true,"href":"https:\/\/crossover-showroom.com\/index.php\/wp-json\/wp\/v2\/pages\/76"}],"wp:attachment":[{"href":"https:\/\/crossover-showroom.com\/index.php\/wp-json\/wp\/v2\/media?parent=594"}],"curies":[{"name":"wp","href":"https:\/\/api.w.org\/{rel}","templated":true}]}}