{"id":567,"date":"2022-10-11T21:44:03","date_gmt":"2022-10-11T21:44:03","guid":{"rendered":"https:\/\/crossover-showroom.com\/?page_id=567"},"modified":"2022-10-18T20:25:26","modified_gmt":"2022-10-18T20:25:26","slug":"ueber-uns","status":"publish","type":"page","link":"https:\/\/crossover-showroom.com\/index.php\/homepage_de\/ueber-uns\/","title":{"rendered":"\u00dcber uns"},"content":{"rendered":"<p>[et_pb_section fb_built=&#8220;1&#8243; admin_label=&#8220;Feature Section&#8220; _builder_version=&#8220;4.16&#8243; custom_margin=&#8220;|||&#8220; custom_padding=&#8220;13px||110px|||&#8220; locked=&#8220;off&#8220; global_colors_info=&#8220;{}&#8220;][et_pb_row column_structure=&#8220;1_2,1_2&#8243; use_custom_gutter=&#8220;on&#8220; gutter_width=&#8220;4&#8243; admin_label=&#8220;Feature&#8220; module_id=&#8220;anke&#8220; module_class=&#8220; et_pb_row_fullwidth&#8220; _builder_version=&#8220;4.18.0&#8243; width=&#8220;86%&#8220; width_tablet=&#8220;80%&#8220; width_phone=&#8220;80%&#8220; width_last_edited=&#8220;on|desktop&#8220; max_width=&#8220;86%&#8220; max_width_tablet=&#8220;80%&#8220; max_width_phone=&#8220;80%&#8220; max_width_last_edited=&#8220;on|desktop&#8220; custom_padding=&#8220;40px||40px|&#8220; make_fullwidth=&#8220;on&#8220; global_colors_info=&#8220;{}&#8220;][et_pb_column type=&#8220;1_2&#8243; _builder_version=&#8220;4.18.0&#8243; background_color_gradient_start=&#8220;#fcd21d&#8220; background_color_gradient_end=&#8220;#fcd21d&#8220; global_colors_info=&#8220;{}&#8220; custom_padding__hover=&#8220;|||&#8220;][et_pb_image src=&#8220;https:\/\/crossover-showroom.com\/wp-content\/uploads\/2022\/10\/2597_phil_ad_preview.jpeg&#8220; title_text=&#8220;2597_phil_ad_preview&#8220; force_fullwidth=&#8220;on&#8220; align_tablet=&#8220;center&#8220; align_phone=&#8220;center&#8220; align_last_edited=&#8220;on|desktop&#8220; _builder_version=&#8220;4.18.0&#8243; custom_margin=&#8220;|||&#8220; animation_style=&#8220;slide&#8220; animation_direction=&#8220;right&#8220; animation_intensity_slide=&#8220;8%&#8220; animation_starting_opacity=&#8220;100%&#8220; global_colors_info=&#8220;{}&#8220;][\/et_pb_image][\/et_pb_column][et_pb_column type=&#8220;1_2&#8243; _builder_version=&#8220;4.18.0&#8243; custom_padding=&#8220;0%||0%||true|false&#8220; global_colors_info=&#8220;{}&#8220; custom_padding__hover=&#8220;|||&#8220;][et_pb_text _builder_version=&#8220;4.18.0&#8243; _module_preset=&#8220;ae9b3157-d3b3-4f55-bc58-0c4f287a15b2&#8243; text_font=&#8220;Unna|500||on|||||&#8220; text_text_color=&#8220;#ba9a9a&#8220; text_letter_spacing=&#8220;3px&#8220; custom_margin=&#8220;||2px||false|false&#8220; custom_padding=&#8220;1px||0px|||&#8220; animation_style=&#8220;slide&#8220; animation_direction=&#8220;bottom&#8220; locked=&#8220;off&#8220; global_colors_info=&#8220;{}&#8220;]<\/p>\n<p>Philosophie<\/p>\n<p>[\/et_pb_text][et_pb_text admin_label=&#8220;Title&#8220; _builder_version=&#8220;4.18.0&#8243; text_font=&#8220;Montserrat||||||||&#8220; text_text_color=&#8220;#747d88&#8243; text_font_size=&#8220;16px&#8220; text_line_height=&#8220;1.9em&#8220; header_font=&#8220;||||||||&#8220; header_text_align=&#8220;left&#8220; header_2_font=&#8220;Unna|700||on|||||&#8220; header_2_font_size=&#8220;42px&#8220; header_2_line_height=&#8220;1.3em&#8220; max_width=&#8220;700px&#8220; module_alignment=&#8220;left&#8220; custom_margin=&#8220;||-1px||false|false&#8220; animation_style=&#8220;slide&#8220; animation_direction=&#8220;bottom&#8220; animation_intensity_slide=&#8220;4%&#8220; locked=&#8220;off&#8220; global_colors_info=&#8220;{}&#8220;]<\/p>\n<h2>Anke Degenhard<\/h2>\n<p>[\/et_pb_text][et_pb_text admin_label=&#8220;Subtitle&#8220; _builder_version=&#8220;4.18.0&#8243; text_font=&#8220;Unna||||||||&#8220; text_text_color=&#8220;#747d88&#8243; text_font_size=&#8220;18px&#8220; text_line_height=&#8220;1.8em&#8220; header_font=&#8220;||||||||&#8220; max_width=&#8220;700px&#8220; module_alignment=&#8220;left&#8220; custom_margin=&#8220;|||&#8220; custom_padding=&#8220;||20px|&#8220; animation_style=&#8220;slide&#8220; animation_direction=&#8220;bottom&#8220; animation_delay=&#8220;100ms&#8220; animation_intensity_slide=&#8220;4%&#8220; locked=&#8220;off&#8220; global_colors_info=&#8220;{}&#8220;]<\/p>\n<p>Anke Degenhard war w\u00e4hrend ihres Studiums der Theaterwissenschaften bereits zwei Jahre als stellvertretende Chefredakteurin f\u00fcr verschiedene People Magazine t\u00e4tig, bevor sie vier Jahre lang die internationale K\u00fcnstlerbetreuung und die Vermarktung von neuen Filmen f\u00fcr Warner Bros., UIP, Senator, Columbia und andere \u00fcbernahm. Danach arbeitete sie f\u00fcr verschiedene Verlage in Deutschland im Bereich Bildsprache und Chefredaktion (unter anderem an der Heftentwicklung MAX\/MAX City Guide). Bereits im Jahr 1995 hatte sie angefangen, mit ihrer erworbenen internationalen Kompetenz weltweit Kunstsammlungen f\u00fcr verschiedene Sammler aufzubauen und zu betreuen. Diese Aktivit\u00e4ten m\u00fcndeten im Jahr 1998 in der Gr\u00fcndung der Galerie Camera Work mit Standorten in Berlin und Hamburg. Hier war sie ma\u00dfgeblich daran beteiligt, die Portfolios so bekannter K\u00fcnstler wie Helmut Newton, Peter Lindbergh, Horst P. Horst, Peter Beard, Albert Watson und Leni Riefenstahl aufzubauen. Seitdem arbeitet sie im Kunstmanagement und an der Bildsprachenentwicklung im Magazinbereich f\u00fcr unterschiedliche Auftraggeber. Sie hat sich in den letzten zwei Jahrzehnten ein internationales Netzwerk in der Kunstszene, insbesondere bei K\u00fcnstlern und Sammlern, aufgebaut und gilt als eine der kompetentesten Akteure im Bereich Contemporary Art mit dem Schwerpunkt Fotografie weltweit. <\/p>\n<p>Qualifikationen in Kurzform: <br \/><strong>Funktionen<\/strong> Kuratorin, Agentin, Galeristin, Vorstand der LeadAcademy <br \/><strong>Bereiche<\/strong> Contemporary Art, Fotografie, Print <br \/><strong>Markterfahrung<\/strong> mehr als 20 Jahre <br \/><strong>Benefits<\/strong> internationales Netzwerk, internationale Marktkenntnis<\/p>\n<p>[\/et_pb_text][\/et_pb_column][\/et_pb_row][et_pb_row column_structure=&#8220;1_2,1_2&#8243; use_custom_gutter=&#8220;on&#8220; gutter_width=&#8220;4&#8243; admin_label=&#8220;Feature&#8220; module_id=&#8220;michael&#8220; module_class=&#8220; et_pb_row_fullwidth&#8220; _builder_version=&#8220;4.18.0&#8243; width=&#8220;86%&#8220; width_tablet=&#8220;80%&#8220; width_phone=&#8220;80%&#8220; width_last_edited=&#8220;on|desktop&#8220; max_width=&#8220;86%&#8220; max_width_tablet=&#8220;80%&#8220; max_width_phone=&#8220;80%&#8220; max_width_last_edited=&#8220;on|desktop&#8220; custom_padding=&#8220;40px||40px|&#8220; custom_css_main_element=&#8220;display: flex;||flex-wrap: wrap;&#8220; make_fullwidth=&#8220;on&#8220; global_colors_info=&#8220;{}&#8220;][et_pb_column type=&#8220;1_2&#8243; _builder_version=&#8220;4.18.0&#8243; custom_padding=&#8220;0%||0%||true|false&#8220; global_colors_info=&#8220;{}&#8220; custom_padding__hover=&#8220;|||&#8220; custom_css_main_element_last_edited=&#8220;on|phone&#8220; custom_css_main_element_phone=&#8220;order: 1;&#8220;][et_pb_text _builder_version=&#8220;4.18.0&#8243; _module_preset=&#8220;ae9b3157-d3b3-4f55-bc58-0c4f287a15b2&#8243; text_font=&#8220;Unna|500||on|||||&#8220; text_text_color=&#8220;#ba9a9a&#8220; text_letter_spacing=&#8220;3px&#8220; min_height=&#8220;13.8px&#8220; custom_margin=&#8220;||2px||false|false&#8220; animation_style=&#8220;slide&#8220; animation_direction=&#8220;bottom&#8220; locked=&#8220;off&#8220; global_colors_info=&#8220;{}&#8220;]<\/p>\n<p>Philosophie<\/p>\n<p>[\/et_pb_text][et_pb_text admin_label=&#8220;Title&#8220; _builder_version=&#8220;4.18.0&#8243; text_font=&#8220;Montserrat||||||||&#8220; text_text_color=&#8220;#747d88&#8243; text_font_size=&#8220;16px&#8220; text_line_height=&#8220;1.9em&#8220; header_font=&#8220;||||||||&#8220; header_text_align=&#8220;left&#8220; header_2_font=&#8220;Unna|700||on|||||&#8220; header_2_font_size=&#8220;42px&#8220; header_2_line_height=&#8220;1.3em&#8220; max_width=&#8220;700px&#8220; module_alignment=&#8220;left&#8220; custom_margin=&#8220;||-1px||false|false&#8220; animation_style=&#8220;slide&#8220; animation_direction=&#8220;bottom&#8220; animation_intensity_slide=&#8220;4%&#8220; locked=&#8220;off&#8220; global_colors_info=&#8220;{}&#8220;]<\/p>\n<h2>Michael Drinkhahn<\/h2>\n<p>[\/et_pb_text][et_pb_text admin_label=&#8220;Subtitle&#8220; _builder_version=&#8220;4.18.0&#8243; text_font=&#8220;Unna||||||||&#8220; text_text_color=&#8220;#747d88&#8243; text_font_size=&#8220;18px&#8220; text_line_height=&#8220;1.8em&#8220; header_font=&#8220;||||||||&#8220; max_width=&#8220;700px&#8220; module_alignment=&#8220;left&#8220; custom_margin=&#8220;|||&#8220; custom_padding=&#8220;||20px|&#8220; animation_style=&#8220;slide&#8220; animation_direction=&#8220;bottom&#8220; animation_delay=&#8220;100ms&#8220; animation_intensity_slide=&#8220;4%&#8220; locked=&#8220;off&#8220; global_colors_info=&#8220;{}&#8220;]<\/p>\n<p>Michael Drinkhahn gr\u00fcndete nach dem Studium der Kommunikationswissenschaften und nach einem kurzen Engagement in einer internationalen Werbeagentur im Jahr 1986 seine eigene Werbeagentur, die er 15 Jahre erfolgreich f\u00fchrte. Die Kunden kamen aus den Bereichen Konsumg\u00fcter, Sport- und Freizeitindustrie, Investitionsg\u00fcter und Dienstleistung. Auf der Suche nach neuen Herausforderungen <span class=\"copy_page-1\">gr\u00fcndete er im Jahr 2001 mit zwei weiteren Partnern das Unternehmen Sport &amp; Fitness International, welches sp\u00e4ter an die Golden Gate AG verkauft wurde, in deren Vorstand er bis 2007 f\u00fcr das Marketing und den Vertrieb zust\u00e4ndig war.<\/span><\/p>\n<p>Qualifikationen in Kurzform: <br \/><strong>Funktionen<\/strong> Gesch\u00e4ftsf\u00fchrung, Management <br \/><strong>Branchen<\/strong> Werbeagentur, Konsumg\u00fcterindustrie <br \/><strong>Markterfahrung<\/strong> mehr als 20 Jahre <br \/><span class=\"copy_page-2\"><strong>Kompetenzen<\/strong> Markenentwicklung, Markenf\u00fchrung, Produktentwicklung, Produktion und ganzheitliche Unternehmensf\u00fchrung<\/span><\/p>\n<p>[\/et_pb_text][\/et_pb_column][et_pb_column type=&#8220;1_2&#8243; _builder_version=&#8220;4.16&#8243; background_color_gradient_start=&#8220;#fcd21d&#8220; background_color_gradient_end=&#8220;#fcd21d&#8220; custom_padding=&#8220;|||&#8220; global_colors_info=&#8220;{}&#8220; custom_padding__hover=&#8220;|||&#8220;][et_pb_image src=&#8220;https:\/\/crossover-showroom.com\/wp-content\/uploads\/2022\/10\/2598_phil_md_preview.jpeg&#8220; title_text=&#8220;2598_phil_md_preview&#8220; force_fullwidth=&#8220;on&#8220; align_tablet=&#8220;center&#8220; align_phone=&#8220;center&#8220; align_last_edited=&#8220;on|desktop&#8220; _builder_version=&#8220;4.18.0&#8243; custom_margin=&#8220;|||&#8220; animation_style=&#8220;slide&#8220; animation_direction=&#8220;right&#8220; animation_intensity_slide=&#8220;8%&#8220; animation_starting_opacity=&#8220;100%&#8220; global_colors_info=&#8220;{}&#8220;][\/et_pb_image][\/et_pb_column][\/et_pb_row][\/et_pb_section]<\/p>\n","protected":false},"excerpt":{"rendered":"<p>PhilosophieAnke DegenhardAnke Degenhard war w\u00e4hrend ihres Studiums der Theaterwissenschaften bereits zwei Jahre als stellvertretende Chefredakteurin f\u00fcr verschiedene People Magazine t\u00e4tig, bevor sie vier Jahre lang die internationale K\u00fcnstlerbetreuung und die Vermarktung von neuen Filmen f\u00fcr Warner Bros., UIP, Senator, Columbia und andere \u00fcbernahm. Danach arbeitete sie f\u00fcr verschiedene Verlage in Deutschland im Bereich Bildsprache und [&hellip;]<\/p>\n","protected":false},"author":1,"featured_media":0,"parent":76,"menu_order":1,"comment_status":"closed","ping_status":"closed","template":"","meta":{"_et_pb_use_builder":"on","_et_pb_old_content":"","_et_gb_content_width":"","_monsterinsights_skip_tracking":false,"_monsterinsights_sitenote_active":false,"_monsterinsights_sitenote_note":"","_monsterinsights_sitenote_category":0,"footnotes":""},"class_list":["post-567","page","type-page","status-publish","hentry"],"yoast_head":"<!-- This site is optimized with the Yoast SEO plugin v25.3 - https:\/\/yoast.com\/wordpress\/plugins\/seo\/ -->\n<title>\u00dcber uns - Crossover Showroom<\/title>\n<meta name=\"robots\" content=\"index, follow, max-snippet:-1, max-image-preview:large, max-video-preview:-1\" \/>\n<link rel=\"canonical\" href=\"https:\/\/crossover-showroom.com\/index.php\/homepage_de\/ueber-uns\/\" \/>\n<meta property=\"og:locale\" content=\"de_DE\" \/>\n<meta property=\"og:type\" content=\"article\" \/>\n<meta property=\"og:title\" content=\"\u00dcber uns - Crossover Showroom\" \/>\n<meta property=\"og:description\" content=\"PhilosophieAnke DegenhardAnke Degenhard war w\u00e4hrend ihres Studiums der Theaterwissenschaften bereits zwei Jahre als stellvertretende Chefredakteurin f\u00fcr verschiedene People Magazine t\u00e4tig, bevor sie vier Jahre lang die internationale K\u00fcnstlerbetreuung und die Vermarktung von neuen Filmen f\u00fcr Warner Bros., UIP, Senator, Columbia und andere \u00fcbernahm. Danach arbeitete sie f\u00fcr verschiedene Verlage in Deutschland im Bereich Bildsprache und [&hellip;]\" \/>\n<meta property=\"og:url\" content=\"https:\/\/crossover-showroom.com\/index.php\/homepage_de\/ueber-uns\/\" \/>\n<meta property=\"og:site_name\" content=\"Crossover Showroom\" \/>\n<meta property=\"article:modified_time\" content=\"2022-10-18T20:25:26+00:00\" \/>\n<meta name=\"twitter:card\" content=\"summary_large_image\" \/>\n<meta name=\"twitter:label1\" content=\"Gesch\u00e4tzte Lesezeit\" \/>\n\t<meta name=\"twitter:data1\" content=\"5\u00a0Minuten\" \/>\n<script type=\"application\/ld+json\" class=\"yoast-schema-graph\">{\"@context\":\"https:\/\/schema.org\",\"@graph\":[{\"@type\":\"WebPage\",\"@id\":\"https:\/\/crossover-showroom.com\/index.php\/homepage_de\/ueber-uns\/\",\"url\":\"https:\/\/crossover-showroom.com\/index.php\/homepage_de\/ueber-uns\/\",\"name\":\"\u00dcber uns - Crossover Showroom\",\"isPartOf\":{\"@id\":\"https:\/\/crossover-showroom.com\/#website\"},\"datePublished\":\"2022-10-11T21:44:03+00:00\",\"dateModified\":\"2022-10-18T20:25:26+00:00\",\"breadcrumb\":{\"@id\":\"https:\/\/crossover-showroom.com\/index.php\/homepage_de\/ueber-uns\/#breadcrumb\"},\"inLanguage\":\"de\",\"potentialAction\":[{\"@type\":\"ReadAction\",\"target\":[\"https:\/\/crossover-showroom.com\/index.php\/homepage_de\/ueber-uns\/\"]}]},{\"@type\":\"BreadcrumbList\",\"@id\":\"https:\/\/crossover-showroom.com\/index.php\/homepage_de\/ueber-uns\/#breadcrumb\",\"itemListElement\":[{\"@type\":\"ListItem\",\"position\":1,\"name\":\"Startseite\",\"item\":\"https:\/\/crossover-showroom.com\/index.php\/40-2\/\"},{\"@type\":\"ListItem\",\"position\":2,\"name\":\"Homepage_DE\",\"item\":\"https:\/\/crossover-showroom.com\/index.php\/homepage_de\/\"},{\"@type\":\"ListItem\",\"position\":3,\"name\":\"\u00dcber uns\"}]},{\"@type\":\"WebSite\",\"@id\":\"https:\/\/crossover-showroom.com\/#website\",\"url\":\"https:\/\/crossover-showroom.com\/\",\"name\":\"Crossover Showroom\",\"description\":\"Konzeptgesellschaft f\u00fcr die Allianz zwischen Kunst und Kommerz mbH\",\"potentialAction\":[{\"@type\":\"SearchAction\",\"target\":{\"@type\":\"EntryPoint\",\"urlTemplate\":\"https:\/\/crossover-showroom.com\/?s={search_term_string}\"},\"query-input\":{\"@type\":\"PropertyValueSpecification\",\"valueRequired\":true,\"valueName\":\"search_term_string\"}}],\"inLanguage\":\"de\"}]}<\/script>\n<!-- \/ Yoast SEO plugin. -->","yoast_head_json":{"title":"\u00dcber uns - Crossover Showroom","robots":{"index":"index","follow":"follow","max-snippet":"max-snippet:-1","max-image-preview":"max-image-preview:large","max-video-preview":"max-video-preview:-1"},"canonical":"https:\/\/crossover-showroom.com\/index.php\/homepage_de\/ueber-uns\/","og_locale":"de_DE","og_type":"article","og_title":"\u00dcber uns - Crossover Showroom","og_description":"PhilosophieAnke DegenhardAnke Degenhard war w\u00e4hrend ihres Studiums der Theaterwissenschaften bereits zwei Jahre als stellvertretende Chefredakteurin f\u00fcr verschiedene People Magazine t\u00e4tig, bevor sie vier Jahre lang die internationale K\u00fcnstlerbetreuung und die Vermarktung von neuen Filmen f\u00fcr Warner Bros., UIP, Senator, Columbia und andere \u00fcbernahm. Danach arbeitete sie f\u00fcr verschiedene Verlage in Deutschland im Bereich Bildsprache und [&hellip;]","og_url":"https:\/\/crossover-showroom.com\/index.php\/homepage_de\/ueber-uns\/","og_site_name":"Crossover Showroom","article_modified_time":"2022-10-18T20:25:26+00:00","twitter_card":"summary_large_image","twitter_misc":{"Gesch\u00e4tzte Lesezeit":"5\u00a0Minuten"},"schema":{"@context":"https:\/\/schema.org","@graph":[{"@type":"WebPage","@id":"https:\/\/crossover-showroom.com\/index.php\/homepage_de\/ueber-uns\/","url":"https:\/\/crossover-showroom.com\/index.php\/homepage_de\/ueber-uns\/","name":"\u00dcber uns - Crossover Showroom","isPartOf":{"@id":"https:\/\/crossover-showroom.com\/#website"},"datePublished":"2022-10-11T21:44:03+00:00","dateModified":"2022-10-18T20:25:26+00:00","breadcrumb":{"@id":"https:\/\/crossover-showroom.com\/index.php\/homepage_de\/ueber-uns\/#breadcrumb"},"inLanguage":"de","potentialAction":[{"@type":"ReadAction","target":["https:\/\/crossover-showroom.com\/index.php\/homepage_de\/ueber-uns\/"]}]},{"@type":"BreadcrumbList","@id":"https:\/\/crossover-showroom.com\/index.php\/homepage_de\/ueber-uns\/#breadcrumb","itemListElement":[{"@type":"ListItem","position":1,"name":"Startseite","item":"https:\/\/crossover-showroom.com\/index.php\/40-2\/"},{"@type":"ListItem","position":2,"name":"Homepage_DE","item":"https:\/\/crossover-showroom.com\/index.php\/homepage_de\/"},{"@type":"ListItem","position":3,"name":"\u00dcber uns"}]},{"@type":"WebSite","@id":"https:\/\/crossover-showroom.com\/#website","url":"https:\/\/crossover-showroom.com\/","name":"Crossover Showroom","description":"Konzeptgesellschaft f\u00fcr die Allianz zwischen Kunst und Kommerz mbH","potentialAction":[{"@type":"SearchAction","target":{"@type":"EntryPoint","urlTemplate":"https:\/\/crossover-showroom.com\/?s={search_term_string}"},"query-input":{"@type":"PropertyValueSpecification","valueRequired":true,"valueName":"search_term_string"}}],"inLanguage":"de"}]}},"_links":{"self":[{"href":"https:\/\/crossover-showroom.com\/index.php\/wp-json\/wp\/v2\/pages\/567","targetHints":{"allow":["GET"]}}],"collection":[{"href":"https:\/\/crossover-showroom.com\/index.php\/wp-json\/wp\/v2\/pages"}],"about":[{"href":"https:\/\/crossover-showroom.com\/index.php\/wp-json\/wp\/v2\/types\/page"}],"author":[{"embeddable":true,"href":"https:\/\/crossover-showroom.com\/index.php\/wp-json\/wp\/v2\/users\/1"}],"replies":[{"embeddable":true,"href":"https:\/\/crossover-showroom.com\/index.php\/wp-json\/wp\/v2\/comments?post=567"}],"version-history":[{"count":9,"href":"https:\/\/crossover-showroom.com\/index.php\/wp-json\/wp\/v2\/pages\/567\/revisions"}],"predecessor-version":[{"id":800,"href":"https:\/\/crossover-showroom.com\/index.php\/wp-json\/wp\/v2\/pages\/567\/revisions\/800"}],"up":[{"embeddable":true,"href":"https:\/\/crossover-showroom.com\/index.php\/wp-json\/wp\/v2\/pages\/76"}],"wp:attachment":[{"href":"https:\/\/crossover-showroom.com\/index.php\/wp-json\/wp\/v2\/media?parent=567"}],"curies":[{"name":"wp","href":"https:\/\/api.w.org\/{rel}","templated":true}]}}